{"id":247,"date":"2025-09-23T09:24:51","date_gmt":"2025-09-23T07:24:51","guid":{"rendered":"https:\/\/atryacomunicacion.com\/?page_id=247"},"modified":"2025-11-25T14:12:40","modified_gmt":"2025-11-25T13:12:40","slug":"eventos-corporativos","status":"publish","type":"page","link":"https:\/\/atryacomunicacion.com\/en\/servicios\/eventos-corporativos\/","title":{"rendered":"Eventos corporativos y experiencias"},"content":{"rendered":"<h2 class=\"wp-block-heading\"><strong>Eventos que comunican. Experiencias que venden.<\/strong><\/h2>\n\n\n\n<p>Transformamos tus eventos (f\u00edsicos, h\u00edbridos o digitales) en herramientas estrat\u00e9gicas. Desde la conceptualizaci\u00f3n creativa hasta la producci\u00f3n t\u00e9cnica impecable.<\/p>\n\n\n\n<div class=\"wp-block-buttons is-layout-flex wp-block-buttons-is-layout-flex\">\n<div class=\"wp-block-button\"><a class=\"wp-block-button__link wp-element-button\" href=\"https:\/\/atryacomunicacion.com\/en\/contacto\/\">dise\u00f1ar un hito corporativo<\/a><\/div>\n<\/div>\n\n\n\n<div style=\"height:25px\" aria-hidden=\"true\" class=\"wp-block-spacer\"><\/div>\n\n\n\n<p><strong>M\u00e1s que log\u00edstica, es narrativa en vivo.<\/strong> Un evento es el momento de mayor concentraci\u00f3n de atenci\u00f3n de tus clientes o empleados. No lo desperdicies. En Atrya, dise\u00f1amos el evento alrededor del mensaje que quieres transmitir. Coordinamos proveedores, escenograf\u00eda y gui\u00f3n para que t\u00fa solo te preocupes de hacer <em>networking<\/em>.<\/p>\n\n\n\n<div style=\"height:25px\" aria-hidden=\"true\" class=\"wp-block-spacer\"><\/div>\n\n\n\n<h2 class=\"wp-block-heading\">Tipolog\u00eda de eventos:<\/h2>\n\n\n\n<ul class=\"wp-block-list\">\n<li><strong>Lanzamientos de producto:<\/strong> impacto y cobertura medi\u00e1tica.<\/li>\n\n\n\n<li><strong>Convenciones internas:<\/strong> alineaci\u00f3n de equipos y motivaci\u00f3n.<\/li>\n\n\n\n<li><strong>Juntas y presentaciones a inversores:<\/strong> solemnidad y precisi\u00f3n t\u00e9cnica.<\/li>\n\n\n\n<li><strong><em>Webinars<\/em> y eventos h\u00edbridos:<\/strong> alcance global con realizaci\u00f3n televisiva.<\/li>\n<\/ul>\n\n\n\n<div style=\"height:50px\" aria-hidden=\"true\" class=\"wp-block-spacer\"><\/div>\n\n\n\n<h2 class=\"wp-block-heading\">Crea una experiencia memorable.<\/h2>\n\n\n\n<div class=\"wp-block-buttons is-layout-flex wp-block-buttons-is-layout-flex\">\n<div class=\"wp-block-button\"><a class=\"wp-block-button__link wp-element-button\" href=\"https:\/\/atryacomunicacion.com\/en\/contacto\/\">organizar evento<\/a><\/div>\n<\/div>","protected":false},"excerpt":{"rendered":"<p>Eventos que comunican. Experiencias que venden. Transformamos tus eventos (f\u00edsicos, h\u00edbridos o digitales) en herramientas estrat\u00e9gicas. Desde la conceptualizaci\u00f3n creativa hasta la producci\u00f3n t\u00e9cnica impecable. M\u00e1s que log\u00edstica, es narrativa en vivo. Un evento es el momento de mayor concentraci\u00f3n de atenci\u00f3n de tus clientes o empleados. No lo desperdicies. En Atrya, dise\u00f1amos el evento [&hellip;]<\/p>\n","protected":false},"author":1,"featured_media":1452,"parent":235,"menu_order":0,"comment_status":"closed","ping_status":"closed","template":"","meta":{"footnotes":""},"class_list":["post-247","page","type-page","status-publish","has-post-thumbnail","hentry"],"yoast_head":"<!-- This site is optimized with the Yoast SEO plugin v27.5 - https:\/\/yoast.com\/product\/yoast-seo-wordpress\/ -->\n<title>Organizaci\u00f3n de eventos corporativos estrat\u00e9gicos | Atrya<\/title>\n<meta name=\"description\" content=\"Dise\u00f1o y producci\u00f3n integral de eventos empresariales. Lanzamientos, juntas y convenciones que comunican marca y generan impacto de negocio.\" \/>\n<meta name=\"robots\" content=\"index, follow, max-snippet:-1, max-image-preview:large, max-video-preview:-1\" \/>\n<link rel=\"canonical\" href=\"https:\/\/atryacomunicacion.com\/en\/servicios\/eventos-corporativos\/\" \/>\n<meta property=\"og:locale\" content=\"en_US\" \/>\n<meta property=\"og:type\" content=\"article\" \/>\n<meta property=\"og:title\" content=\"Organizaci\u00f3n de eventos corporativos estrat\u00e9gicos | Atrya\" \/>\n<meta property=\"og:description\" content=\"Dise\u00f1o y producci\u00f3n integral de eventos empresariales. Lanzamientos, juntas y convenciones que comunican marca y generan impacto de negocio.\" \/>\n<meta property=\"og:url\" content=\"https:\/\/atryacomunicacion.com\/en\/servicios\/eventos-corporativos\/\" \/>\n<meta property=\"og:site_name\" content=\"Atrya Comunicaci\u00f3n\" \/>\n<meta property=\"article:modified_time\" content=\"2025-11-25T13:12:40+00:00\" \/>\n<meta property=\"og:image\" content=\"https:\/\/atryacomunicacion.com\/wp-content\/uploads\/6-EVENTOS-CORPORATIVOS.png\" \/>\n\t<meta property=\"og:image:width\" content=\"1000\" \/>\n\t<meta property=\"og:image:height\" content=\"1000\" \/>\n\t<meta property=\"og:image:type\" content=\"image\/png\" \/>\n<meta name=\"twitter:card\" content=\"summary_large_image\" \/>\n<meta name=\"twitter:label1\" content=\"Est. reading time\" \/>\n\t<meta name=\"twitter:data1\" content=\"1 minute\" \/>\n<script type=\"application\/ld+json\" class=\"yoast-schema-graph\">{\"@context\":\"https:\\\/\\\/schema.org\",\"@graph\":[{\"@type\":\"WebPage\",\"@id\":\"https:\\\/\\\/atryacomunicacion.com\\\/servicios\\\/eventos-corporativos\\\/\",\"url\":\"https:\\\/\\\/atryacomunicacion.com\\\/servicios\\\/eventos-corporativos\\\/\",\"name\":\"Organizaci\u00f3n de eventos corporativos estrat\u00e9gicos | Atrya\",\"isPartOf\":{\"@id\":\"https:\\\/\\\/atryacomunicacion.com\\\/#website\"},\"primaryImageOfPage\":{\"@id\":\"https:\\\/\\\/atryacomunicacion.com\\\/servicios\\\/eventos-corporativos\\\/#primaryimage\"},\"image\":{\"@id\":\"https:\\\/\\\/atryacomunicacion.com\\\/servicios\\\/eventos-corporativos\\\/#primaryimage\"},\"thumbnailUrl\":\"https:\\\/\\\/atryacomunicacion.com\\\/wp-content\\\/uploads\\\/6-EVENTOS-CORPORATIVOS.png\",\"datePublished\":\"2025-09-23T07:24:51+00:00\",\"dateModified\":\"2025-11-25T13:12:40+00:00\",\"description\":\"Dise\u00f1o y producci\u00f3n integral de eventos empresariales. Lanzamientos, juntas y convenciones que comunican marca y generan impacto de negocio.\",\"breadcrumb\":{\"@id\":\"https:\\\/\\\/atryacomunicacion.com\\\/servicios\\\/eventos-corporativos\\\/#breadcrumb\"},\"inLanguage\":\"en-US\",\"potentialAction\":[{\"@type\":\"ReadAction\",\"target\":[\"https:\\\/\\\/atryacomunicacion.com\\\/servicios\\\/eventos-corporativos\\\/\"]}]},{\"@type\":\"ImageObject\",\"inLanguage\":\"en-US\",\"@id\":\"https:\\\/\\\/atryacomunicacion.com\\\/servicios\\\/eventos-corporativos\\\/#primaryimage\",\"url\":\"https:\\\/\\\/atryacomunicacion.com\\\/wp-content\\\/uploads\\\/6-EVENTOS-CORPORATIVOS.png\",\"contentUrl\":\"https:\\\/\\\/atryacomunicacion.com\\\/wp-content\\\/uploads\\\/6-EVENTOS-CORPORATIVOS.png\",\"width\":1000,\"height\":1000,\"caption\":\"Eventos corporativos y experiencias\"},{\"@type\":\"BreadcrumbList\",\"@id\":\"https:\\\/\\\/atryacomunicacion.com\\\/servicios\\\/eventos-corporativos\\\/#breadcrumb\",\"itemListElement\":[{\"@type\":\"ListItem\",\"position\":1,\"name\":\"Portada\",\"item\":\"https:\\\/\\\/atryacomunicacion.com\\\/\"},{\"@type\":\"ListItem\",\"position\":2,\"name\":\"Servicios\",\"item\":\"https:\\\/\\\/atryacomunicacion.com\\\/servicios\\\/\"},{\"@type\":\"ListItem\",\"position\":3,\"name\":\"Eventos corporativos y experiencias\"}]},{\"@type\":\"WebSite\",\"@id\":\"https:\\\/\\\/atryacomunicacion.com\\\/#website\",\"url\":\"https:\\\/\\\/atryacomunicacion.com\\\/\",\"name\":\"Atrya Comunicaci\u00f3n\",\"description\":\"mercedes@atryacomunicacion.com\",\"publisher\":{\"@id\":\"https:\\\/\\\/atryacomunicacion.com\\\/#organization\"},\"potentialAction\":[{\"@type\":\"SearchAction\",\"target\":{\"@type\":\"EntryPoint\",\"urlTemplate\":\"https:\\\/\\\/atryacomunicacion.com\\\/?s={search_term_string}\"},\"query-input\":{\"@type\":\"PropertyValueSpecification\",\"valueRequired\":true,\"valueName\":\"search_term_string\"}}],\"inLanguage\":\"en-US\"},{\"@type\":\"Organization\",\"@id\":\"https:\\\/\\\/atryacomunicacion.com\\\/#organization\",\"name\":\"Atrya Comunicaci\u00f3n\",\"url\":\"https:\\\/\\\/atryacomunicacion.com\\\/\",\"logo\":{\"@type\":\"ImageObject\",\"inLanguage\":\"en-US\",\"@id\":\"https:\\\/\\\/atryacomunicacion.com\\\/#\\\/schema\\\/logo\\\/image\\\/\",\"url\":\"https:\\\/\\\/atryacomunicacion.com\\\/wp-content\\\/uploads\\\/logo.svg\",\"contentUrl\":\"https:\\\/\\\/atryacomunicacion.com\\\/wp-content\\\/uploads\\\/logo.svg\",\"width\":106,\"height\":42,\"caption\":\"Atrya Comunicaci\u00f3n\"},\"image\":{\"@id\":\"https:\\\/\\\/atryacomunicacion.com\\\/#\\\/schema\\\/logo\\\/image\\\/\"},\"sameAs\":[\"https:\\\/\\\/www.instagram.com\\\/atryacomunicacion\",\"https:\\\/\\\/www.linkedin.com\\\/company\\\/atrya-comunicacion\"]}]}<\/script>\n<!-- \/ Yoast SEO plugin. -->","yoast_head_json":{"title":"Organizaci\u00f3n de eventos corporativos estrat\u00e9gicos | Atrya","description":"Dise\u00f1o y producci\u00f3n integral de eventos empresariales. Lanzamientos, juntas y convenciones que comunican marca y generan impacto de negocio.","robots":{"index":"index","follow":"follow","max-snippet":"max-snippet:-1","max-image-preview":"max-image-preview:large","max-video-preview":"max-video-preview:-1"},"canonical":"https:\/\/atryacomunicacion.com\/en\/servicios\/eventos-corporativos\/","og_locale":"en_US","og_type":"article","og_title":"Organizaci\u00f3n de eventos corporativos estrat\u00e9gicos | Atrya","og_description":"Dise\u00f1o y producci\u00f3n integral de eventos empresariales. Lanzamientos, juntas y convenciones que comunican marca y generan impacto de negocio.","og_url":"https:\/\/atryacomunicacion.com\/en\/servicios\/eventos-corporativos\/","og_site_name":"Atrya Comunicaci\u00f3n","article_modified_time":"2025-11-25T13:12:40+00:00","og_image":[{"width":1000,"height":1000,"url":"https:\/\/atryacomunicacion.com\/wp-content\/uploads\/6-EVENTOS-CORPORATIVOS.png","type":"image\/png"}],"twitter_card":"summary_large_image","twitter_misc":{"Est. reading time":"1 minute"},"schema":{"@context":"https:\/\/schema.org","@graph":[{"@type":"WebPage","@id":"https:\/\/atryacomunicacion.com\/servicios\/eventos-corporativos\/","url":"https:\/\/atryacomunicacion.com\/servicios\/eventos-corporativos\/","name":"Organizaci\u00f3n de eventos corporativos estrat\u00e9gicos | Atrya","isPartOf":{"@id":"https:\/\/atryacomunicacion.com\/#website"},"primaryImageOfPage":{"@id":"https:\/\/atryacomunicacion.com\/servicios\/eventos-corporativos\/#primaryimage"},"image":{"@id":"https:\/\/atryacomunicacion.com\/servicios\/eventos-corporativos\/#primaryimage"},"thumbnailUrl":"https:\/\/atryacomunicacion.com\/wp-content\/uploads\/6-EVENTOS-CORPORATIVOS.png","datePublished":"2025-09-23T07:24:51+00:00","dateModified":"2025-11-25T13:12:40+00:00","description":"Dise\u00f1o y producci\u00f3n integral de eventos empresariales. Lanzamientos, juntas y convenciones que comunican marca y generan impacto de negocio.","breadcrumb":{"@id":"https:\/\/atryacomunicacion.com\/servicios\/eventos-corporativos\/#breadcrumb"},"inLanguage":"en-US","potentialAction":[{"@type":"ReadAction","target":["https:\/\/atryacomunicacion.com\/servicios\/eventos-corporativos\/"]}]},{"@type":"ImageObject","inLanguage":"en-US","@id":"https:\/\/atryacomunicacion.com\/servicios\/eventos-corporativos\/#primaryimage","url":"https:\/\/atryacomunicacion.com\/wp-content\/uploads\/6-EVENTOS-CORPORATIVOS.png","contentUrl":"https:\/\/atryacomunicacion.com\/wp-content\/uploads\/6-EVENTOS-CORPORATIVOS.png","width":1000,"height":1000,"caption":"Eventos corporativos y experiencias"},{"@type":"BreadcrumbList","@id":"https:\/\/atryacomunicacion.com\/servicios\/eventos-corporativos\/#breadcrumb","itemListElement":[{"@type":"ListItem","position":1,"name":"Portada","item":"https:\/\/atryacomunicacion.com\/"},{"@type":"ListItem","position":2,"name":"Servicios","item":"https:\/\/atryacomunicacion.com\/servicios\/"},{"@type":"ListItem","position":3,"name":"Eventos corporativos y experiencias"}]},{"@type":"WebSite","@id":"https:\/\/atryacomunicacion.com\/#website","url":"https:\/\/atryacomunicacion.com\/","name":"Atrya Comunicaci\u00f3n","description":"mercedes@atryacomunicacion.com","publisher":{"@id":"https:\/\/atryacomunicacion.com\/#organization"},"potentialAction":[{"@type":"SearchAction","target":{"@type":"EntryPoint","urlTemplate":"https:\/\/atryacomunicacion.com\/?s={search_term_string}"},"query-input":{"@type":"PropertyValueSpecification","valueRequired":true,"valueName":"search_term_string"}}],"inLanguage":"en-US"},{"@type":"Organization","@id":"https:\/\/atryacomunicacion.com\/#organization","name":"Atrya Comunicaci\u00f3n","url":"https:\/\/atryacomunicacion.com\/","logo":{"@type":"ImageObject","inLanguage":"en-US","@id":"https:\/\/atryacomunicacion.com\/#\/schema\/logo\/image\/","url":"https:\/\/atryacomunicacion.com\/wp-content\/uploads\/logo.svg","contentUrl":"https:\/\/atryacomunicacion.com\/wp-content\/uploads\/logo.svg","width":106,"height":42,"caption":"Atrya Comunicaci\u00f3n"},"image":{"@id":"https:\/\/atryacomunicacion.com\/#\/schema\/logo\/image\/"},"sameAs":["https:\/\/www.instagram.com\/atryacomunicacion","https:\/\/www.linkedin.com\/company\/atrya-comunicacion"]}]}},"jetpack_shortlink":"https:\/\/wp.me\/PgipCa-3Z","_links":{"self":[{"href":"https:\/\/atryacomunicacion.com\/en\/wp-json\/wp\/v2\/pages\/247","targetHints":{"allow":["GET"]}}],"collection":[{"href":"https:\/\/atryacomunicacion.com\/en\/wp-json\/wp\/v2\/pages"}],"about":[{"href":"https:\/\/atryacomunicacion.com\/en\/wp-json\/wp\/v2\/types\/page"}],"author":[{"embeddable":true,"href":"https:\/\/atryacomunicacion.com\/en\/wp-json\/wp\/v2\/users\/1"}],"replies":[{"embeddable":true,"href":"https:\/\/atryacomunicacion.com\/en\/wp-json\/wp\/v2\/comments?post=247"}],"version-history":[{"count":9,"href":"https:\/\/atryacomunicacion.com\/en\/wp-json\/wp\/v2\/pages\/247\/revisions"}],"predecessor-version":[{"id":1479,"href":"https:\/\/atryacomunicacion.com\/en\/wp-json\/wp\/v2\/pages\/247\/revisions\/1479"}],"up":[{"embeddable":true,"href":"https:\/\/atryacomunicacion.com\/en\/wp-json\/wp\/v2\/pages\/235"}],"wp:featuredmedia":[{"embeddable":true,"href":"https:\/\/atryacomunicacion.com\/en\/wp-json\/wp\/v2\/media\/1452"}],"wp:attachment":[{"href":"https:\/\/atryacomunicacion.com\/en\/wp-json\/wp\/v2\/media?parent=247"}],"curies":[{"name":"wp","href":"https:\/\/api.w.org\/{rel}","templated":true}]}}